{"id":19,"date":"2019-11-28T15:52:25","date_gmt":"2019-11-28T12:52:25","guid":{"rendered":"http:\/\/nazimekinci.com\/?page_id=19"},"modified":"2022-10-30T02:10:24","modified_gmt":"2022-10-29T23:10:24","slug":"ana-sayfa","status":"publish","type":"page","link":"https:\/\/nazimekinci.com\/","title":{"rendered":"Ana Sayfa"},"content":{"rendered":"\r\n<p>Foto\u011frafta \u00c7alt\u0131 \u00e7ay\u0131n\u0131n F\u0131rat (Karasu) nehrine kat\u0131ld\u0131\u011f\u0131 nokta g\u00f6r\u00fcl\u00fcyor. Google harita koordinatlar\u0131: 39\u00b022&#8217;19.5&#8243;N 38\u00b022&#8217;47.2&#8243;E.<\/p>\r\n\r\n\r\n\r\n<p>Merhaba,<\/p>\r\n\r\n\r\n\r\n<p>Bu sitede bir &#8220;A\u00e7\u0131k Kitap&#8221; projesi \u00e7er\u00e7evesinde haz\u0131rlad\u0131\u011f\u0131m ve haz\u0131rlayaca\u011f\u0131m kitaplar\u0131 ya da ders notlar\u0131n\u0131 ilgilenenlerin kullan\u0131m\u0131na sunaca\u011f\u0131m. ilk olarak mikro iktisat ve makro iktisat ders notlar\u0131n\u0131n haz\u0131r olan b\u00f6l\u00fcmlerini siteye koyuyorum. Ayr\u0131ca g\u00fcncel konularda daha \u00f6nce yazm\u0131\u015f oldu\u011fum ve yazaca\u011f\u0131m yaz\u0131lar\u0131 da bu siteye koymay\u0131 d\u00fc\u015f\u00fcn\u00fcyorum.<\/p>\r\n\r\n\r\n\r\n<p>Benimle ilgili bilgi i\u00e7in\u00a0 <a href=\"http:\/\/nazimekinci.com\/wp-content\/uploads\/2019\/11\/NKE-cv.pdf\" target=\"_blank\" rel=\"noopener noreferrer\">NKE-CV<\/a>&#8216;ye bakabilir ve<\/p>\r\n<p><a href=\"https:\/\/www.researchgate.net\/profile\/Nazim_Kadri_Ekinci\" target=\"_blank\" rel=\"noreferrer noopener\" aria-label=\" (yeni sekmede a\u00e7\u0131l\u0131r)\">https:\/\/www.researchgate.net\/profile\/Nazim_Kadri_Ekinci<\/a><\/p>\r\n\r\n\r\n\r\n<p>sayfas\u0131n\u0131 ziyaret edebilirsiniz.<\/p>\r\n<h2>\u00a0<\/h2>\r\n","protected":false},"excerpt":{"rendered":"<p>Foto\u011frafta \u00c7alt\u0131 \u00e7ay\u0131n\u0131n F\u0131rat (Karasu) nehrine kat\u0131ld\u0131\u011f\u0131 nokta g\u00f6r\u00fcl\u00fcyor. Google harita koordinatlar\u0131: 39\u00b022&#8217;19.5&#8243;N 38\u00b022&#8217;47.2&#8243;E. Merhaba, Bu sitede bir &#8220;A\u00e7\u0131k Kitap&#8221; projesi \u00e7er\u00e7evesinde haz\u0131rlad\u0131\u011f\u0131m ve haz\u0131rlayaca\u011f\u0131m kitaplar\u0131 ya da ders notlar\u0131n\u0131 ilgilenenlerin kullan\u0131m\u0131na sunaca\u011f\u0131m. ilk olarak mikro iktisat ve makro iktisat ders notlar\u0131n\u0131n haz\u0131r olan b\u00f6l\u00fcmlerini siteye koyuyorum. Ayr\u0131ca g\u00fcncel konularda daha \u00f6nce yazm\u0131\u015f oldu\u011fum ve &hellip; <a href=\"https:\/\/nazimekinci.com\/\" class=\"more-link\">Continue reading<span class=\"screen-reader-text\"> &#8220;Ana Sayfa&#8221;<\/span><\/a><\/p>\n","protected":false},"author":1,"featured_media":0,"parent":0,"menu_order":0,"comment_status":"closed","ping_status":"closed","template":"","meta":{"footnotes":""},"class_list":["post-19","page","type-page","status-publish","hentry"],"_links":{"self":[{"href":"https:\/\/nazimekinci.com\/index.php?rest_route=\/wp\/v2\/pages\/19","targetHints":{"allow":["GET"]}}],"collection":[{"href":"https:\/\/nazimekinci.com\/index.php?rest_route=\/wp\/v2\/pages"}],"about":[{"href":"https:\/\/nazimekinci.com\/index.php?rest_route=\/wp\/v2\/types\/page"}],"author":[{"embeddable":true,"href":"https:\/\/nazimekinci.com\/index.php?rest_route=\/wp\/v2\/users\/1"}],"replies":[{"embeddable":true,"href":"https:\/\/nazimekinci.com\/index.php?rest_route=%2Fwp%2Fv2%2Fcomments&post=19"}],"version-history":[{"count":7,"href":"https:\/\/nazimekinci.com\/index.php?rest_route=\/wp\/v2\/pages\/19\/revisions"}],"predecessor-version":[{"id":503,"href":"https:\/\/nazimekinci.com\/index.php?rest_route=\/wp\/v2\/pages\/19\/revisions\/503"}],"wp:attachment":[{"href":"https:\/\/nazimekinci.com\/index.php?rest_route=%2Fwp%2Fv2%2Fmedia&parent=19"}],"curies":[{"name":"wp","href":"https:\/\/api.w.org\/{rel}","templated":true}]}}