{"id":387,"date":"2020-04-27T00:52:03","date_gmt":"2020-04-26T21:52:03","guid":{"rendered":"http:\/\/nazimekinci.com\/?page_id=387"},"modified":"2024-03-27T23:32:03","modified_gmt":"2024-03-27T20:32:03","slug":"matematik","status":"publish","type":"page","link":"https:\/\/nazimekinci.com\/?page_id=387","title":{"rendered":"Matematik"},"content":{"rendered":"<p>Burada iktisatta en \u00e7ok kullan\u0131lan matematiksel y\u00f6ntemlere ili\u015fkin bir derleme bulacaks\u0131n\u0131z. Bunlar\u0131n son tahlilde matematik \u00f6\u011frenmenin yerini tutmayaca\u011f\u0131n\u0131 belirtmi\u015f olal\u0131m.<\/p>\n<ul>\n<li><span style=\"color: #0000ff;\"><a style=\"color: #0000ff;\" href=\"http:\/\/nazimekinci.com\/wp-content\/uploads\/2021\/02\/1-Genel-Bilgiler.pdf\" target=\"_blank\" rel=\"noopener\">1 Genel Bilgiler<\/a><\/span><\/li>\n<li><a style=\"color: #0000ff;\" href=\"http:\/\/nazimekinci.com\/wp-content\/uploads\/2021\/02\/2-Sureklilik.pdf\" target=\"_blank\" rel=\"noopener\">2 S\u00fcreklilik<\/a><\/li>\n<li><span style=\"color: #0000ff;\"><a style=\"color: #0000ff;\" href=\"http:\/\/nazimekinci.com\/wp-content\/uploads\/2021\/02\/3-Dogrusallik.pdf\" target=\"_blank\" rel=\"noopener\">3 Do\u011frusall\u0131k<\/a><\/span><\/li>\n<li><span style=\"color: #0000ff;\"><a style=\"color: #0000ff;\" href=\"https:\/\/nazimekinci.com\/wp-content\/uploads\/2021\/09\/4.-Icbukeylik.pdf\" target=\"_blank\" rel=\"noopener\">4. \u0130\u00e7b\u00fckeylik<\/a><\/span><\/li>\n<li><span style=\"color: #0000ff;\"><a style=\"color: #0000ff;\" href=\"https:\/\/nazimekinci.com\/wp-content\/uploads\/2021\/09\/5-Turev.pdf\" target=\"_blank\" rel=\"noopener\">5 T\u00fcrev<\/a><\/span><\/li>\n<li><span style=\"color: #0000ff;\"><a style=\"color: #0000ff;\" href=\"http:\/\/nazimekinci.com\/wp-content\/uploads\/2021\/02\/6-Optimizasyon.pdf\" target=\"_blank\" rel=\"noopener\">6 Optimizasyon<\/a><\/span><\/li>\n<li><span style=\"color: #0000ff;\"><a style=\"color: #0000ff;\" href=\"http:\/\/nazimekinci.com\/wp-content\/uploads\/2021\/02\/7-Iktisadi-Uygulamalar.pdf\" target=\"_blank\" rel=\"noopener\">7 \u0130ktisadi Uygulamalar<\/a><\/span><\/li>\n<li><span style=\"color: #0000ff;\"><a style=\"color: #0000ff;\" href=\"https:\/\/nazimekinci.com\/wp-content\/uploads\/2022\/02\/8.-Integral-ve-Uygulamalari.pdf\" target=\"_blank\" rel=\"noopener\">8. \u0130ntegral ve Uygulamalar\u0131<\/a><\/span><\/li>\n<li><span style=\"color: #0000ff;\"><a style=\"color: #0000ff;\" href=\"https:\/\/nazimekinci.com\/wp-content\/uploads\/2022\/03\/9.-Diferansiyel-Denklemler-ve-Uygulamalari.pdf\" target=\"_blank\" rel=\"noopener\">9. Diferansiyel Denklemler ve Uygulamalar\u0131<\/a><\/span><\/li>\n<li><span style=\"color: #0000ff;\"><a style=\"color: #0000ff;\" href=\"https:\/\/nazimekinci.com\/wp-content\/uploads\/2022\/03\/10-Fark-Denklemleri-ve-Uygulamalari.pdf\" target=\"_blank\" rel=\"noopener\">10 Fark Denklemleri ve Uygulamalar\u0131<\/a><\/span><\/li>\n<li><span style=\"color: #0000ff;\"><a style=\"color: #0000ff;\" href=\"https:\/\/nazimekinci.com\/wp-content\/uploads\/2022\/05\/11-Dinamik-Optimizasyon-ve-Optimal-Kontrol.pdf\" target=\"_blank\" rel=\"noopener\">11 Dinamik Optimizasyon ve Optimal Kontrol<\/a><\/span><\/li>\n<\/ul>\n<p>&nbsp;<\/p>\n<h3>*****************************************************<\/h3>\n<h3><span style=\"color: #ff0000;\"><strong>Metinlerde g\u00f6rd\u00fc\u011f\u00fcn\u00fcz maddi hatalar\u0131, anlat\u0131m bozukluklar\u0131n\u0131 veya sunumu iyile\u015ftirece\u011fini d\u00fc\u015f\u00fcnd\u00fc\u011f\u00fcn\u00fcz\u00a0 \u00f6nerileri a\u015fa\u011f\u0131daki e-posta adresine g\u00f6nderebilirsiniz.\u00a0<\/strong><\/span><\/h3>\n<p><strong><span style=\"color: #ff0000;\"><span class=\"text\" data-bind=\"text: text\">kadirdb@gmail.com<\/span><\/span><\/strong><\/p>\n<p>&nbsp;<\/p>\n","protected":false},"excerpt":{"rendered":"<p>Burada iktisatta en \u00e7ok kullan\u0131lan matematiksel y\u00f6ntemlere ili\u015fkin bir derleme bulacaks\u0131n\u0131z. Bunlar\u0131n son tahlilde matematik \u00f6\u011frenmenin yerini tutmayaca\u011f\u0131n\u0131 belirtmi\u015f olal\u0131m. 1 Genel Bilgiler 2 S\u00fcreklilik 3 Do\u011frusall\u0131k 4. \u0130\u00e7b\u00fckeylik 5 T\u00fcrev 6 Optimizasyon 7 \u0130ktisadi Uygulamalar 8. \u0130ntegral ve Uygulamalar\u0131 9. Diferansiyel Denklemler ve Uygulamalar\u0131 10 Fark Denklemleri ve Uygulamalar\u0131 11 Dinamik Optimizasyon ve Optimal &hellip; <a href=\"https:\/\/nazimekinci.com\/?page_id=387\" class=\"more-link\">Continue reading<span class=\"screen-reader-text\"> &#8220;Matematik&#8221;<\/span><\/a><\/p>\n","protected":false},"author":1,"featured_media":0,"parent":0,"menu_order":0,"comment_status":"closed","ping_status":"closed","template":"","meta":{"footnotes":""},"class_list":["post-387","page","type-page","status-publish","hentry"],"_links":{"self":[{"href":"https:\/\/nazimekinci.com\/index.php?rest_route=\/wp\/v2\/pages\/387","targetHints":{"allow":["GET"]}}],"collection":[{"href":"https:\/\/nazimekinci.com\/index.php?rest_route=\/wp\/v2\/pages"}],"about":[{"href":"https:\/\/nazimekinci.com\/index.php?rest_route=\/wp\/v2\/types\/page"}],"author":[{"embeddable":true,"href":"https:\/\/nazimekinci.com\/index.php?rest_route=\/wp\/v2\/users\/1"}],"replies":[{"embeddable":true,"href":"https:\/\/nazimekinci.com\/index.php?rest_route=%2Fwp%2Fv2%2Fcomments&post=387"}],"version-history":[{"count":32,"href":"https:\/\/nazimekinci.com\/index.php?rest_route=\/wp\/v2\/pages\/387\/revisions"}],"predecessor-version":[{"id":549,"href":"https:\/\/nazimekinci.com\/index.php?rest_route=\/wp\/v2\/pages\/387\/revisions\/549"}],"wp:attachment":[{"href":"https:\/\/nazimekinci.com\/index.php?rest_route=%2Fwp%2Fv2%2Fmedia&parent=387"}],"curies":[{"name":"wp","href":"https:\/\/api.w.org\/{rel}","templated":true}]}}