{"id":52,"date":"2019-11-28T18:55:54","date_gmt":"2019-11-28T15:55:54","guid":{"rendered":"http:\/\/nazimekinci.com\/?page_id=52"},"modified":"2025-08-29T00:34:08","modified_gmt":"2025-08-28T21:34:08","slug":"mikro-iktisat","status":"publish","type":"page","link":"https:\/\/nazimekinci.com\/?page_id=52","title":{"rendered":"Mikro \u0130ktisat"},"content":{"rendered":"<ul>\n<li><span style=\"color: #0000ff;\"><a style=\"color: #0000ff;\" href=\"http:\/\/nazimekinci.com\/wp-content\/uploads\/2019\/12\/1.Giri\u015f.pdf\" target=\"_blank\" rel=\"noopener noreferrer\">1 Giri\u015f<\/a><\/span><\/li>\n<li><span style=\"color: #0000ff;\"><a style=\"color: #0000ff;\" href=\"http:\/\/nazimekinci.com\/wp-content\/uploads\/2019\/12\/2-T\u00fcketici-Tercihleri.pdf\" target=\"_blank\" rel=\"noopener noreferrer\">2 T\u00fcketici Tercihleri<\/a><\/span><\/li>\n<li><span style=\"color: #0000ff;\"><a style=\"color: #0000ff;\" href=\"http:\/\/nazimekinci.com\/wp-content\/uploads\/2019\/12\/3-T\u00fcketici-Teorisi.pdf\" target=\"_blank\" rel=\"noopener noreferrer\">3 T\u00fcketici Teorisi<\/a><\/span><\/li>\n<li><span style=\"color: #0000ff;\"><a style=\"color: #0000ff;\" href=\"http:\/\/nazimekinci.com\/wp-content\/uploads\/2020\/07\/4-\u00dcretim-Fonksiyonlar\u0131..pdf\" target=\"_blank\" rel=\"noopener noreferrer\">4 \u00dcretim Fonksiyonlar\u0131.<\/a><\/span><\/li>\n<li><span style=\"color: #0000ff;\"><a style=\"color: #0000ff;\" href=\"http:\/\/nazimekinci.com\/wp-content\/uploads\/2020\/07\/5-Maliyet..pdf\" target=\"_blank\" rel=\"noopener noreferrer\">5 Maliyet.<\/a><\/span><\/li>\n<li><span style=\"color: #0000ff;\"><a style=\"color: #0000ff;\" href=\"http:\/\/nazimekinci.com\/wp-content\/uploads\/2019\/12\/6-\u00dcretici-Teorisi.pdf\" target=\"_blank\" rel=\"noopener noreferrer\">6 \u00dcretici Teorisi<\/a><\/span><\/li>\n<li><span style=\"color: #0000ff;\"><a style=\"color: #0000ff;\" href=\"http:\/\/nazimekinci.com\/wp-content\/uploads\/2019\/12\/7-Piyasa-Talebi-ve-Arz\u0131.pdf\" target=\"_blank\" rel=\"noopener noreferrer\">7 Piyasa Talebi ve Arz\u0131<\/a><\/span><\/li>\n<li><span style=\"color: #0000ff;\"><a style=\"color: #0000ff;\" href=\"http:\/\/nazimekinci.com\/wp-content\/uploads\/2019\/12\/8-Rekabet\u00e7i-Piyasa-Modeli.pdf\" target=\"_blank\" rel=\"noopener noreferrer\">8 Rekabet\u00e7i Piyasa Modeli<\/a><\/span><\/li>\n<li><span style=\"color: #0000ff;\"><a style=\"color: #0000ff;\" href=\"http:\/\/nazimekinci.com\/wp-content\/uploads\/2019\/12\/9-Rekabet\u00e7i-Modelin-Uygulamalar\u0131.pdf\" target=\"_blank\" rel=\"noopener noreferrer\">9 Rekabet\u00e7i Modelin Uygulamalar\u0131<\/a><\/span><\/li>\n<li><span style=\"color: #0000ff;\"><a style=\"color: #0000ff;\" href=\"http:\/\/nazimekinci.com\/wp-content\/uploads\/2019\/12\/10-Girdi-Talebi-ve-B\u00f6l\u00fc\u015f\u00fcm.pdf\" target=\"_blank\" rel=\"noopener noreferrer\">10 Girdi Talebi ve B\u00f6l\u00fc\u015f\u00fcm<\/a><\/span><\/li>\n<li><span style=\"color: #0000ff;\"><a style=\"color: #0000ff;\" href=\"http:\/\/nazimekinci.com\/wp-content\/uploads\/2019\/12\/11-Genel-Denge-Teorisi-ve-Refah-\u0130ktisad\u0131na-Giri\u015f.pdf\" target=\"_blank\" rel=\"noopener noreferrer\">11 Genel Denge Teorisi ve Refah \u0130ktisad\u0131na Giri\u015f<\/a><\/span><\/li>\n<li><span style=\"color: #0000ff;\"><a style=\"color: #0000ff;\" href=\"http:\/\/nazimekinci.com\/wp-content\/uploads\/2019\/12\/12-\u00dcretim-Ekonomisinde-Genel-Denge.pdf\" target=\"_blank\" rel=\"noopener noreferrer\">12 \u00dcretim Ekonomisinde Genel Denge<\/a><\/span><\/li>\n<li><span style=\"color: #0000ff;\"><a style=\"color: #0000ff;\" href=\"http:\/\/nazimekinci.com\/wp-content\/uploads\/2019\/12\/13-Stratejik-Davran\u0131\u015f-ve-Oyun-Kuram\u0131n\u0131n-Temel-\u00d6\u011feleri.pdf\" target=\"_blank\" rel=\"noopener noreferrer\">13 Stratejik Davran\u0131\u015f ve Oyun Kuram\u0131n\u0131n Temel \u00d6\u011feleri<\/a><\/span><\/li>\n<li><span style=\"color: #0000ff;\"><a style=\"color: #0000ff;\" href=\"http:\/\/nazimekinci.com\/wp-content\/uploads\/2019\/12\/14-Piyasa-G\u00fcc\u00fc.pdf\" target=\"_blank\" rel=\"noopener noreferrer\">14 Piyasa G\u00fcc\u00fc<\/a><\/span><\/li>\n<li><span style=\"color: #0000ff;\"><a style=\"color: #0000ff;\" href=\"http:\/\/nazimekinci.com\/wp-content\/uploads\/2019\/12\/15-D\u0131\u015fsall\u0131k-ve-Kamusal-Mallar.pdf\" target=\"_blank\" rel=\"noopener noreferrer\">15 D\u0131\u015fsall\u0131k ve Kamusal Mallar<\/a><\/span><\/li>\n<li><span style=\"color: #0000ff;\"><a style=\"color: #0000ff;\" href=\"https:\/\/nazimekinci.com\/wp-content\/uploads\/2025\/08\/16-Risk-Asimetrik-Bilgi-ve-Piyasa-Mekanizmasi2025.pdf\">16 Risk, Asimetrik Bilgi ve Piyasa Mekanizmas\u0131*<\/a><\/span><\/li>\n<\/ul>\n<h3>Not: * i\u015faretli metinler g\u00f6zden ge\u00e7irilmi\u015ftir.<\/h3>\n<h3>*****************************************************<\/h3>\n<h3><span style=\"color: #ff0000;\"><strong>Metinlerde g\u00f6rd\u00fc\u011f\u00fcn\u00fcz maddi hatalar\u0131, anlat\u0131m bozukluklar\u0131n\u0131 veya sunumu iyile\u015ftirece\u011fini d\u00fc\u015f\u00fcnd\u00fc\u011f\u00fcn\u00fcz\u00a0 \u00f6nerileri a\u015fa\u011f\u0131daki e-posta adresine g\u00f6nderebilirsiniz.\u00a0<\/strong><\/span><\/h3>\n<p><strong><span style=\"color: #ff0000;\"><span class=\"text\" data-bind=\"text: text\">kadirdb@gmail.com<\/span><\/span><\/strong><\/p>\n","protected":false},"excerpt":{"rendered":"<p>1 Giri\u015f 2 T\u00fcketici Tercihleri 3 T\u00fcketici Teorisi 4 \u00dcretim Fonksiyonlar\u0131. 5 Maliyet. 6 \u00dcretici Teorisi 7 Piyasa Talebi ve Arz\u0131 8 Rekabet\u00e7i Piyasa Modeli 9 Rekabet\u00e7i Modelin Uygulamalar\u0131 10 Girdi Talebi ve B\u00f6l\u00fc\u015f\u00fcm 11 Genel Denge Teorisi ve Refah \u0130ktisad\u0131na Giri\u015f 12 \u00dcretim Ekonomisinde Genel Denge 13 Stratejik Davran\u0131\u015f ve Oyun Kuram\u0131n\u0131n Temel \u00d6\u011feleri &hellip; <a href=\"https:\/\/nazimekinci.com\/?page_id=52\" class=\"more-link\">Continue reading<span class=\"screen-reader-text\"> &#8220;Mikro \u0130ktisat&#8221;<\/span><\/a><\/p>\n","protected":false},"author":1,"featured_media":0,"parent":0,"menu_order":0,"comment_status":"closed","ping_status":"closed","template":"","meta":{"footnotes":""},"class_list":["post-52","page","type-page","status-publish","hentry"],"_links":{"self":[{"href":"https:\/\/nazimekinci.com\/index.php?rest_route=\/wp\/v2\/pages\/52","targetHints":{"allow":["GET"]}}],"collection":[{"href":"https:\/\/nazimekinci.com\/index.php?rest_route=\/wp\/v2\/pages"}],"about":[{"href":"https:\/\/nazimekinci.com\/index.php?rest_route=\/wp\/v2\/types\/page"}],"author":[{"embeddable":true,"href":"https:\/\/nazimekinci.com\/index.php?rest_route=\/wp\/v2\/users\/1"}],"replies":[{"embeddable":true,"href":"https:\/\/nazimekinci.com\/index.php?rest_route=%2Fwp%2Fv2%2Fcomments&post=52"}],"version-history":[{"count":9,"href":"https:\/\/nazimekinci.com\/index.php?rest_route=\/wp\/v2\/pages\/52\/revisions"}],"predecessor-version":[{"id":571,"href":"https:\/\/nazimekinci.com\/index.php?rest_route=\/wp\/v2\/pages\/52\/revisions\/571"}],"wp:attachment":[{"href":"https:\/\/nazimekinci.com\/index.php?rest_route=%2Fwp%2Fv2%2Fmedia&parent=52"}],"curies":[{"name":"wp","href":"https:\/\/api.w.org\/{rel}","templated":true}]}}