{"id":529,"date":"2023-01-10T13:37:32","date_gmt":"2023-01-10T10:37:32","guid":{"rendered":"https:\/\/nazimekinci.com\/?page_id=529"},"modified":"2024-03-28T22:49:50","modified_gmt":"2024-03-28T19:49:50","slug":"r-notlari","status":"publish","type":"page","link":"https:\/\/nazimekinci.com\/?page_id=529","title":{"rendered":"R Notes"},"content":{"rendered":"<p><span style=\"color: #000000;\"><strong><a style=\"color: #000000;\" href=\"https:\/\/nazimekinci.com\/wp-content\/uploads\/2024\/03\/Spectral-Methods.pdf\" target=\"_blank\" rel=\"noopener\">Spectral Methods in Time Series Analysis<\/a><\/strong><\/span><\/p>\n<p>&nbsp;<\/p>\n<p>&nbsp;<\/p>\n<h3><span style=\"color: #ff0000;\"><strong>Metinlerde g\u00f6rd\u00fc\u011f\u00fcn\u00fcz maddi hatalar\u0131, anlat\u0131m bozukluklar\u0131n\u0131 veya sunumu iyile\u015ftirece\u011fini d\u00fc\u015f\u00fcnd\u00fc\u011f\u00fcn\u00fcz\u00a0 \u00f6nerileri a\u015fa\u011f\u0131daki e-posta adresine g\u00f6nderebilirsiniz.\u00a0<\/strong><\/span><\/h3>\n<h3><strong>You can write about errors or any other suggestions that you think will improve the contents to the e-mail address below.<\/strong><\/h3>\n<p><strong><span style=\"color: #ff0000;\"><span class=\"text\" data-bind=\"text: text\">kadirdb@gmail.com<\/span><\/span><\/strong><\/p>\n<p>&nbsp;<\/p>\n","protected":false},"excerpt":{"rendered":"<p>Spectral Methods in Time Series Analysis &nbsp; &nbsp; Metinlerde g\u00f6rd\u00fc\u011f\u00fcn\u00fcz maddi hatalar\u0131, anlat\u0131m bozukluklar\u0131n\u0131 veya sunumu iyile\u015ftirece\u011fini d\u00fc\u015f\u00fcnd\u00fc\u011f\u00fcn\u00fcz\u00a0 \u00f6nerileri a\u015fa\u011f\u0131daki e-posta adresine g\u00f6nderebilirsiniz.\u00a0 You can write about errors or any other suggestions that you think will improve the contents to the e-mail address below. kadirdb@gmail.com &nbsp;<\/p>\n","protected":false},"author":1,"featured_media":0,"parent":0,"menu_order":0,"comment_status":"closed","ping_status":"closed","template":"","meta":{"footnotes":""},"class_list":["post-529","page","type-page","status-publish","hentry"],"_links":{"self":[{"href":"https:\/\/nazimekinci.com\/index.php?rest_route=\/wp\/v2\/pages\/529","targetHints":{"allow":["GET"]}}],"collection":[{"href":"https:\/\/nazimekinci.com\/index.php?rest_route=\/wp\/v2\/pages"}],"about":[{"href":"https:\/\/nazimekinci.com\/index.php?rest_route=\/wp\/v2\/types\/page"}],"author":[{"embeddable":true,"href":"https:\/\/nazimekinci.com\/index.php?rest_route=\/wp\/v2\/users\/1"}],"replies":[{"embeddable":true,"href":"https:\/\/nazimekinci.com\/index.php?rest_route=%2Fwp%2Fv2%2Fcomments&post=529"}],"version-history":[{"count":10,"href":"https:\/\/nazimekinci.com\/index.php?rest_route=\/wp\/v2\/pages\/529\/revisions"}],"predecessor-version":[{"id":561,"href":"https:\/\/nazimekinci.com\/index.php?rest_route=\/wp\/v2\/pages\/529\/revisions\/561"}],"wp:attachment":[{"href":"https:\/\/nazimekinci.com\/index.php?rest_route=%2Fwp%2Fv2%2Fmedia&parent=529"}],"curies":[{"name":"wp","href":"https:\/\/api.w.org\/{rel}","templated":true}]}}