{"id":65,"date":"2019-11-28T19:13:12","date_gmt":"2019-11-28T16:13:12","guid":{"rendered":"http:\/\/nazimekinci.com\/?page_id=65"},"modified":"2024-09-13T19:53:48","modified_gmt":"2024-09-13T16:53:48","slug":"makro","status":"publish","type":"page","link":"https:\/\/nazimekinci.com\/?page_id=65","title":{"rendered":"Makro \u0130ktisat"},"content":{"rendered":"<ul>\n<li style=\"list-style-type: none;\">\n<ul>\n<li><span style=\"color: #0000ff;\">\u00a0<a style=\"color: #0000ff;\" href=\"https:\/\/nazimekinci.com\/wp-content\/uploads\/2024\/09\/1-Milli-Gelir-Hesaplari_24.pdf\" target=\"_blank\" rel=\"noopener\">1 Milli Gelir Hesaplar\u0131*<\/a><\/span><\/li>\n<li><span style=\"color: #0000ff;\"><a style=\"color: #0000ff;\" href=\"http:\/\/nazimekinci.com\/wp-content\/uploads\/2019\/12\/2-Makro-\u0130ktisatta-Temel-Fikirler.pdf\" target=\"_blank\" rel=\"noopener noreferrer\">2 Makro \u0130ktisatta Temel Fikirler<\/a><\/span><\/li>\n<li><span style=\"color: #0000ff;\"><a style=\"color: #0000ff;\" href=\"https:\/\/nazimekinci.com\/wp-content\/uploads\/2023\/05\/3-Cogaltan-Analizleri.pdf\" target=\"_blank\" rel=\"noopener\">3 \u00c7o\u011faltan Analizleri<\/a><\/span><\/li>\n<li><span style=\"color: #0000ff;\"><a style=\"color: #0000ff;\" href=\"http:\/\/nazimekinci.com\/wp-content\/uploads\/2019\/12\/4-Para-Para-Talebi-ve-Para-Politikas\u0131.pdf\" target=\"_blank\" rel=\"noopener noreferrer\">4 Para, Para Talebi ve Para Politikas\u0131<\/a><\/span><\/li>\n<li><span style=\"color: #0000ff;\"><a style=\"color: #0000ff;\" href=\"http:\/\/nazimekinci.com\/wp-content\/uploads\/2019\/12\/5-IS-LM-Modeli.pdf\" target=\"_blank\" rel=\"noopener noreferrer\">5 IS-LM Modeli<\/a><\/span><\/li>\n<li><span style=\"color: #0000ff;\"><a style=\"color: #0000ff;\" href=\"http:\/\/nazimekinci.com\/wp-content\/uploads\/2020\/01\/6-A\u00e7\u0131k-Ekonomide-IS-\u2013-LM-Modeli..pdf\" target=\"_blank\" rel=\"noopener noreferrer\">6 A\u00e7\u0131k Ekonomide IS \u2013 LM Modeli<\/a><\/span><\/li>\n<li><span style=\"color: #0000ff;\"><a style=\"color: #0000ff;\" href=\"http:\/\/nazimekinci.com\/wp-content\/uploads\/2020\/01\/7-A\u00e7\u0131k-Ekonomide-Ek-Konular.pdf\" target=\"_blank\" rel=\"noopener noreferrer\">7 A\u00e7\u0131k Ekonomide Ek Konular<\/a><\/span><\/li>\n<li><span style=\"color: #0000ff;\"><a style=\"color: #0000ff;\" href=\"http:\/\/nazimekinci.com\/wp-content\/uploads\/2021\/06\/8.-Yeni-Klasik-Iktisat.pdf\" target=\"_blank\" rel=\"noopener\">8. Yeni Klasik \u0130ktisat<\/a><\/span><\/li>\n<\/ul>\n<\/li>\n<\/ul>\n<h3>Not: * i\u015faretli metinler g\u00f6zden ge\u00e7irilmi\u015ftir.<\/h3>\n<h3>*****************************************************<\/h3>\n<h3><span style=\"color: #ff0000;\"><strong>Metinlerde g\u00f6rd\u00fc\u011f\u00fcn\u00fcz maddi hatalar\u0131, anlat\u0131m bozukluklar\u0131n\u0131 veya sunumu iyile\u015ftirece\u011fini d\u00fc\u015f\u00fcnd\u00fc\u011f\u00fcn\u00fcz\u00a0 \u00f6nerileri a\u015fa\u011f\u0131daki e-posta adresine g\u00f6nderebilirsiniz.\u00a0<\/strong><\/span><\/h3>\n<p><strong><span style=\"color: #ff0000;\"><span class=\"text\" data-bind=\"text: text\">kadirdb@gmail.com<\/span><\/span><\/strong><\/p>\n<p>&nbsp;<\/p>\n","protected":false},"excerpt":{"rendered":"<p>\u00a01 Milli Gelir Hesaplar\u0131* 2 Makro \u0130ktisatta Temel Fikirler 3 \u00c7o\u011faltan Analizleri 4 Para, Para Talebi ve Para Politikas\u0131 5 IS-LM Modeli 6 A\u00e7\u0131k Ekonomide IS \u2013 LM Modeli 7 A\u00e7\u0131k Ekonomide Ek Konular 8. Yeni Klasik \u0130ktisat Not: * i\u015faretli metinler g\u00f6zden ge\u00e7irilmi\u015ftir. ***************************************************** Metinlerde g\u00f6rd\u00fc\u011f\u00fcn\u00fcz maddi hatalar\u0131, anlat\u0131m bozukluklar\u0131n\u0131 veya sunumu iyile\u015ftirece\u011fini d\u00fc\u015f\u00fcnd\u00fc\u011f\u00fcn\u00fcz\u00a0 &hellip; <a href=\"https:\/\/nazimekinci.com\/?page_id=65\" class=\"more-link\">Continue reading<span class=\"screen-reader-text\"> &#8220;Makro \u0130ktisat&#8221;<\/span><\/a><\/p>\n","protected":false},"author":1,"featured_media":0,"parent":0,"menu_order":0,"comment_status":"closed","ping_status":"closed","template":"","meta":{"footnotes":""},"class_list":["post-65","page","type-page","status-publish","hentry"],"_links":{"self":[{"href":"https:\/\/nazimekinci.com\/index.php?rest_route=\/wp\/v2\/pages\/65","targetHints":{"allow":["GET"]}}],"collection":[{"href":"https:\/\/nazimekinci.com\/index.php?rest_route=\/wp\/v2\/pages"}],"about":[{"href":"https:\/\/nazimekinci.com\/index.php?rest_route=\/wp\/v2\/types\/page"}],"author":[{"embeddable":true,"href":"https:\/\/nazimekinci.com\/index.php?rest_route=\/wp\/v2\/users\/1"}],"replies":[{"embeddable":true,"href":"https:\/\/nazimekinci.com\/index.php?rest_route=%2Fwp%2Fv2%2Fcomments&post=65"}],"version-history":[{"count":14,"href":"https:\/\/nazimekinci.com\/index.php?rest_route=\/wp\/v2\/pages\/65\/revisions"}],"predecessor-version":[{"id":567,"href":"https:\/\/nazimekinci.com\/index.php?rest_route=\/wp\/v2\/pages\/65\/revisions\/567"}],"wp:attachment":[{"href":"https:\/\/nazimekinci.com\/index.php?rest_route=%2Fwp%2Fv2%2Fmedia&parent=65"}],"curies":[{"name":"wp","href":"https:\/\/api.w.org\/{rel}","templated":true}]}}